{"id":255,"date":"2020-12-14T20:28:31","date_gmt":"2020-12-14T20:28:31","guid":{"rendered":"https:\/\/stockholm.youandeyeweekend.com\/?page_id=255"},"modified":"2023-02-28T13:22:55","modified_gmt":"2023-02-28T13:22:55","slug":"thankyou-exhibit","status":"publish","type":"page","link":"https:\/\/gothenburg.youandeyeweekend.com\/en\/thankyou-exhibit\/","title":{"rendered":"Thankyou exhibit"},"content":{"rendered":"<div data-elementor-type=\"wp-page\" data-elementor-id=\"255\" class=\"elementor elementor-255\" data-elementor-post-type=\"page\">\n\t\t\t\t\t\t<section class=\"elementor-section elementor-top-section elementor-element elementor-element-0c834fa elementor-section-boxed elementor-section-height-default elementor-section-height-default\" data-id=\"0c834fa\" data-element_type=\"section\" data-settings=\"{&quot;background_background&quot;:&quot;classic&quot;}\">\n\t\t\t\t\t\t<div class=\"elementor-container elementor-column-gap-default\">\n\t\t\t\t\t<div class=\"elementor-column elementor-col-100 elementor-top-column elementor-element elementor-element-95d5517\" data-id=\"95d5517\" data-element_type=\"column\" data-settings=\"{&quot;background_background&quot;:&quot;classic&quot;}\">\n\t\t\t<div class=\"elementor-widget-wrap elementor-element-populated\">\n\t\t\t\t\t\t<div class=\"elementor-element elementor-element-18f346f elementor-widget elementor-widget-theme-site-logo elementor-widget-image\" data-id=\"18f346f\" data-element_type=\"widget\" data-widget_type=\"theme-site-logo.default\">\n\t\t\t\t<div class=\"elementor-widget-container\">\n\t\t\t\t\t\t\t\t\t\t\t<a href=\"https:\/\/gothenburg.youandeyeweekend.com\/en\">\n\t\t\t<img fetchpriority=\"high\" decoding=\"async\" width=\"894\" height=\"423\" src=\"https:\/\/gothenburg.youandeyeweekend.com\/wp-content\/uploads\/2020\/12\/cropped-yne_logo.png\" class=\"attachment-full size-full wp-image-192\" alt=\"\" srcset=\"https:\/\/gothenburg.youandeyeweekend.com\/wp-content\/uploads\/2020\/12\/cropped-yne_logo.png 894w, https:\/\/gothenburg.youandeyeweekend.com\/wp-content\/uploads\/2020\/12\/cropped-yne_logo-300x142.png 300w, https:\/\/gothenburg.youandeyeweekend.com\/wp-content\/uploads\/2020\/12\/cropped-yne_logo-768x363.png 768w, https:\/\/gothenburg.youandeyeweekend.com\/wp-content\/uploads\/2020\/12\/cropped-yne_logo-600x284.png 600w\" sizes=\"(max-width: 894px) 100vw, 894px\" \/>\t\t\t\t<\/a>\n\t\t\t\t\t\t\t\t\t\t\t<\/div>\n\t\t\t\t<\/div>\n\t\t\t\t<div class=\"elementor-element elementor-element-72efa32 elementor-widget elementor-widget-heading\" data-id=\"72efa32\" data-element_type=\"widget\" data-widget_type=\"heading.default\">\n\t\t\t\t<div class=\"elementor-widget-container\">\n\t\t\t\t\t<h2 class=\"elementor-heading-title elementor-size-default\">Tack f\u00f6r att du vill medverka p\u00e5 You &amp; Eye Weekend!<\/h2>\t\t\t\t<\/div>\n\t\t\t\t<\/div>\n\t\t\t\t<div class=\"elementor-element elementor-element-80989b8 elementor-widget elementor-widget-heading\" data-id=\"80989b8\" data-element_type=\"widget\" data-widget_type=\"heading.default\">\n\t\t\t\t<div class=\"elementor-widget-container\">\n\t\t\t\t\t<h2 class=\"elementor-heading-title elementor-size-default\">We review your application and send a confirmation to the e-mail address you provided, where you will also find information on how to provide information and find visitor lists<\/h2>\t\t\t\t<\/div>\n\t\t\t\t<\/div>\n\t\t\t\t<div class=\"elementor-element elementor-element-ed6f3cc elementor-align-center elementor-widget elementor-widget-button\" data-id=\"ed6f3cc\" data-element_type=\"widget\" data-widget_type=\"button.default\">\n\t\t\t\t<div class=\"elementor-widget-container\">\n\t\t\t\t\t\t\t\t\t<div class=\"elementor-button-wrapper\">\n\t\t\t\t\t<a class=\"elementor-button elementor-button-link elementor-size-lg\" href=\"https:\/\/gothenburg.youandeyeweekend.com\/en\/\">\n\t\t\t\t\t\t<span class=\"elementor-button-content-wrapper\">\n\t\t\t\t\t\t\t\t\t<span class=\"elementor-button-text\">Go Back<\/span>\n\t\t\t\t\t<\/span>\n\t\t\t\t\t<\/a>\n\t\t\t\t<\/div>\n\t\t\t\t\t\t\t\t<\/div>\n\t\t\t\t<\/div>\n\t\t\t\t\t<\/div>\n\t\t<\/div>\n\t\t\t\t\t<\/div>\n\t\t<\/section>\n\t\t\t\t<\/div>","protected":false},"excerpt":{"rendered":"<p>Tack f\u00f6r att du vill medverka p\u00e5 You &#038; Eye Weekend! Vi granskar din ans\u00f6kan och skickar ett bekr\u00e4ftelse till e-post adressen du angett, d\u00e4r hittar du ocks\u00e5 information om hur du l\u00e4mnar information och hittar bes\u00f6kslistor Tillbaka<\/p>","protected":false},"author":1,"featured_media":0,"parent":0,"menu_order":0,"comment_status":"closed","ping_status":"closed","template":"elementor_canvas","meta":{"_acf_changed":false,"footnotes":""},"acf":[],"_links":{"self":[{"href":"https:\/\/gothenburg.youandeyeweekend.com\/en\/wp-json\/wp\/v2\/pages\/255"}],"collection":[{"href":"https:\/\/gothenburg.youandeyeweekend.com\/en\/wp-json\/wp\/v2\/pages"}],"about":[{"href":"https:\/\/gothenburg.youandeyeweekend.com\/en\/wp-json\/wp\/v2\/types\/page"}],"author":[{"embeddable":true,"href":"https:\/\/gothenburg.youandeyeweekend.com\/en\/wp-json\/wp\/v2\/users\/1"}],"replies":[{"embeddable":true,"href":"https:\/\/gothenburg.youandeyeweekend.com\/en\/wp-json\/wp\/v2\/comments?post=255"}],"version-history":[{"count":19,"href":"https:\/\/gothenburg.youandeyeweekend.com\/en\/wp-json\/wp\/v2\/pages\/255\/revisions"}],"predecessor-version":[{"id":2105,"href":"https:\/\/gothenburg.youandeyeweekend.com\/en\/wp-json\/wp\/v2\/pages\/255\/revisions\/2105"}],"wp:attachment":[{"href":"https:\/\/gothenburg.youandeyeweekend.com\/en\/wp-json\/wp\/v2\/media?parent=255"}],"curies":[{"name":"wp","href":"https:\/\/api.w.org\/{rel}","templated":true}]}}