{"id":2502,"date":"2023-08-30T08:41:52","date_gmt":"2023-08-30T08:41:52","guid":{"rendered":"https:\/\/gothenburg.youandeyeweekend.com\/?page_id=2502"},"modified":"2023-09-05T11:32:06","modified_gmt":"2023-09-05T11:32:06","slug":"event","status":"publish","type":"page","link":"https:\/\/gothenburg.youandeyeweekend.com\/en\/event\/","title":{"rendered":"Event"},"content":{"rendered":"<div data-elementor-type=\"wp-page\" data-elementor-id=\"2502\" class=\"elementor elementor-2502\" data-elementor-post-type=\"page\">\n\t\t\t\t\t\t<section class=\"elementor-section elementor-top-section elementor-element elementor-element-ecaeac6 elementor-section-boxed elementor-section-height-default elementor-section-height-default\" data-id=\"ecaeac6\" data-element_type=\"section\" data-settings=\"{&quot;background_background&quot;:&quot;classic&quot;}\">\n\t\t\t\t\t\t<div class=\"elementor-container elementor-column-gap-default\">\n\t\t\t\t\t<div class=\"elementor-column elementor-col-100 elementor-top-column elementor-element elementor-element-6b2626d\" data-id=\"6b2626d\" data-element_type=\"column\">\n\t\t\t<div class=\"elementor-widget-wrap elementor-element-populated\">\n\t\t\t\t\t\t<div class=\"elementor-element elementor-element-5e17986 elementor-widget elementor-widget-image\" data-id=\"5e17986\" data-element_type=\"widget\" data-widget_type=\"image.default\">\n\t\t\t\t<div class=\"elementor-widget-container\">\n\t\t\t\t\t\t\t\t\t\t\t\t\t\t\t<img decoding=\"async\" src=\"https:\/\/gothenburg.youandeyeweekend.com\/wp-content\/uploads\/2021\/02\/logo_yae_gbg_neg.png\" title=\"\" alt=\"\" loading=\"lazy\" \/>\t\t\t\t\t\t\t\t\t\t\t\t\t\t\t<\/div>\n\t\t\t\t<\/div>\n\t\t\t\t<div class=\"elementor-element elementor-element-5e61265 elementor-widget elementor-widget-heading\" data-id=\"5e61265\" data-element_type=\"widget\" data-widget_type=\"heading.default\">\n\t\t\t\t<div class=\"elementor-widget-container\">\n\t\t\t\t\t<h2 class=\"elementor-heading-title elementor-size-default\">Events<\/h2>\t\t\t\t<\/div>\n\t\t\t\t<\/div>\n\t\t\t\t<section class=\"elementor-section elementor-inner-section elementor-element elementor-element-33273f3 elementor-section-boxed elementor-section-height-default elementor-section-height-default\" data-id=\"33273f3\" data-element_type=\"section\" data-settings=\"{&quot;background_background&quot;:&quot;classic&quot;}\">\n\t\t\t\t\t\t<div class=\"elementor-container elementor-column-gap-default\">\n\t\t\t\t\t<div class=\"elementor-column elementor-col-100 elementor-inner-column elementor-element elementor-element-5a0bd5a\" data-id=\"5a0bd5a\" data-element_type=\"column\">\n\t\t\t<div class=\"elementor-widget-wrap elementor-element-populated\">\n\t\t\t\t\t\t<div class=\"elementor-element elementor-element-102789b elementor-widget elementor-widget-heading\" data-id=\"102789b\" data-element_type=\"widget\" data-widget_type=\"heading.default\">\n\t\t\t\t<div class=\"elementor-widget-container\">\n\t\t\t\t\t<h2 class=\"elementor-heading-title elementor-size-default\">Torsdag<\/h2>\t\t\t\t<\/div>\n\t\t\t\t<\/div>\n\t\t\t\t<div class=\"elementor-element elementor-element-0b7416d elementor-widget elementor-widget-heading\" data-id=\"0b7416d\" data-element_type=\"widget\" data-widget_type=\"heading.default\">\n\t\t\t\t<div class=\"elementor-widget-container\">\n\t\t\t\t\t<h2 class=\"elementor-heading-title elementor-size-default\">You &amp; Eye AW start up at Flora<\/h2>\t\t\t\t<\/div>\n\t\t\t\t<\/div>\n\t\t\t\t<div class=\"elementor-element elementor-element-9f4a945 elementor-widget elementor-widget-heading\" data-id=\"9f4a945\" data-element_type=\"widget\" data-widget_type=\"heading.default\">\n\t\t\t\t<div class=\"elementor-widget-container\">\n\t\t\t\t\t<h2 class=\"elementor-heading-title elementor-size-default\">You &amp; Eye early bird After Work <\/h2>\t\t\t\t<\/div>\n\t\t\t\t<\/div>\n\t\t\t\t<div class=\"elementor-element elementor-element-310ec74 elementor-widget elementor-widget-text-editor\" data-id=\"310ec74\" data-element_type=\"widget\" data-widget_type=\"text-editor.default\">\n\t\t\t\t<div class=\"elementor-widget-container\">\n\t\t\t\t\t\t\t\t\t<p style=\"text-align: left;\">Eyewear Network bjuder utst\u00e4llare och bes\u00f6kare till After Work med mingel&nbsp;<\/p>\t\t\t\t\t\t\t\t<\/div>\n\t\t\t\t<\/div>\n\t\t\t\t<div class=\"elementor-element elementor-element-083e540 elementor-widget elementor-widget-text-editor\" data-id=\"083e540\" data-element_type=\"widget\" data-widget_type=\"text-editor.default\">\n\t\t\t\t<div class=\"elementor-widget-container\">\n\t\t\t\t\t\t\t\t\t<p style=\"text-align: center;\"><strong>Tid:<\/strong> 17.00 \u00a0<strong>Plats:<\/strong>\u00a0Flora workspace &#8211; Gr\u00f6sakstorget.<\/p>\t\t\t\t\t\t\t\t<\/div>\n\t\t\t\t<\/div>\n\t\t\t\t<div class=\"elementor-element elementor-element-be78971 elementor-widget-divider--view-line elementor-widget elementor-widget-divider\" data-id=\"be78971\" data-element_type=\"widget\" data-widget_type=\"divider.default\">\n\t\t\t\t<div class=\"elementor-widget-container\">\n\t\t\t\t\t\t\t<div class=\"elementor-divider\">\n\t\t\t<span class=\"elementor-divider-separator\">\n\t\t\t\t\t\t<\/span>\n\t\t<\/div>\n\t\t\t\t\t\t<\/div>\n\t\t\t\t<\/div>\n\t\t\t\t<div class=\"elementor-element elementor-element-6f7d2ba elementor-widget elementor-widget-heading\" data-id=\"6f7d2ba\" data-element_type=\"widget\" data-widget_type=\"heading.default\">\n\t\t\t\t<div class=\"elementor-widget-container\">\n\t\t\t\t\t<h2 class=\"elementor-heading-title elementor-size-default\">Fredag<\/h2>\t\t\t\t<\/div>\n\t\t\t\t<\/div>\n\t\t\t\t<div class=\"elementor-element elementor-element-cd778e7 elementor-widget elementor-widget-heading\" data-id=\"cd778e7\" data-element_type=\"widget\" data-widget_type=\"heading.default\">\n\t\t\t\t<div class=\"elementor-widget-container\">\n\t\t\t\t\t<h2 class=\"elementor-heading-title elementor-size-default\">SKANS MORGON L\u00d6PTUR<\/h2>\t\t\t\t<\/div>\n\t\t\t\t<\/div>\n\t\t\t\t<div class=\"elementor-element elementor-element-053ae87 elementor-widget elementor-widget-text-editor\" data-id=\"053ae87\" data-element_type=\"widget\" data-widget_type=\"text-editor.default\">\n\t\t\t\t<div class=\"elementor-widget-container\">\n\t\t\t\t\t\t\t\t\t<div title=\"Page 2\"><p>Bo\u0308rja din morgon med en energikick. Fo\u0308lj med pa\u030a Skans morgonlo\u0308pning med grundaren och maratonlo\u0308paren Johanna Skans. Fo\u0308r varje lo\u0308pare kommer vi att plantera ett tra\u0308d fo\u0308r att skydda va\u030ara bla\u030aba\u0308rsskogar.\u00a0ca 7km i 5.30-6 min\/km tempo<\/p><\/div>\t\t\t\t\t\t\t\t<\/div>\n\t\t\t\t<\/div>\n\t\t\t\t<div class=\"elementor-element elementor-element-265119e elementor-widget elementor-widget-text-editor\" data-id=\"265119e\" data-element_type=\"widget\" data-widget_type=\"text-editor.default\">\n\t\t\t\t<div class=\"elementor-widget-container\">\n\t\t\t\t\t\t\t\t\t<p style=\"text-align: center;\"><strong>Tid:<\/strong> 06.30 &#8211; 07.30 \u00a0<strong>Plats:<\/strong> Kungsparken 1, utanfo\u0308r Stora Teaterns huvudentre\u0301.<\/p>\t\t\t\t\t\t\t\t<\/div>\n\t\t\t\t<\/div>\n\t\t\t\t<div class=\"elementor-element elementor-element-bb90bdd elementor-widget elementor-widget-heading\" data-id=\"bb90bdd\" data-element_type=\"widget\" data-widget_type=\"heading.default\">\n\t\t\t\t<div class=\"elementor-widget-container\">\n\t\t\t\t\t<h2 class=\"elementor-heading-title elementor-size-default\">SKANS AW, f\u00f6redrag och livespelning<\/h2>\t\t\t\t<\/div>\n\t\t\t\t<\/div>\n\t\t\t\t<div class=\"elementor-element elementor-element-c70753b elementor-widget elementor-widget-text-editor\" data-id=\"c70753b\" data-element_type=\"widget\" data-widget_type=\"text-editor.default\">\n\t\t\t\t<div class=\"elementor-widget-container\">\n\t\t\t\t\t\t\t\t\t<div title=\"Page 2\"><p><strong>16-17<\/strong> AFTER WORK MINGEL<br \/><strong>17-17.45<\/strong> F\u00d6REDRAG &#8217;FRAMTIDSS\u00c4KRA DITT F\u00d6RETAG<br \/>Inspirationsf\u00f6rel\u00e4sning av Johanna Skans, f\u00f6respr\u00e5kare f\u00f6r klimatsmart f\u00f6retagande<span class=\"Apple-converted-space\">\u00a0<\/span><\/p><p><strong>18.15-19<\/strong><span class=\"Apple-converted-space\">\u00a0 <\/span>AKUSTISK SPELNING MED MARTIN, S\u00c5NGAREN I LILLASYSTER<br \/>Kom och upplev en intim spelning och sk\u00f6na vibes med Martin fr\u00e5n Lillasyster.<span class=\"Apple-converted-space\">\u00a0<\/span><\/p><\/div>\t\t\t\t\t\t\t\t<\/div>\n\t\t\t\t<\/div>\n\t\t\t\t<div class=\"elementor-element elementor-element-5acb468 elementor-widget elementor-widget-text-editor\" data-id=\"5acb468\" data-element_type=\"widget\" data-widget_type=\"text-editor.default\">\n\t\t\t\t<div class=\"elementor-widget-container\">\n\t\t\t\t\t\t\t\t\t<p style=\"text-align: center;\"><strong>Tid:<\/strong> 06.30 &#8211; 07.30 \u00a0<strong>Plats:\u00a0<\/strong>BURGA\u030aRDSGATAN 18<span style=\"color: var( --e-global-color-text ); font-family: var( --e-global-typography-text-font-family ), Sans-serif; font-size: 1rem;\">.<\/span><\/p>\t\t\t\t\t\t\t\t<\/div>\n\t\t\t\t<\/div>\n\t\t\t\t<div class=\"elementor-element elementor-element-93f7f6d elementor-widget-divider--view-line elementor-widget elementor-widget-divider\" data-id=\"93f7f6d\" data-element_type=\"widget\" data-widget_type=\"divider.default\">\n\t\t\t\t<div class=\"elementor-widget-container\">\n\t\t\t\t\t\t\t<div class=\"elementor-divider\">\n\t\t\t<span class=\"elementor-divider-separator\">\n\t\t\t\t\t\t<\/span>\n\t\t<\/div>\n\t\t\t\t\t\t<\/div>\n\t\t\t\t<\/div>\n\t\t\t\t<div class=\"elementor-element elementor-element-5d40dcc elementor-widget elementor-widget-heading\" data-id=\"5d40dcc\" data-element_type=\"widget\" data-widget_type=\"heading.default\">\n\t\t\t\t<div class=\"elementor-widget-container\">\n\t\t\t\t\t<h2 class=\"elementor-heading-title elementor-size-default\">L\u00f6rdag<\/h2>\t\t\t\t<\/div>\n\t\t\t\t<\/div>\n\t\t\t\t<div class=\"elementor-element elementor-element-533aef8 elementor-widget elementor-widget-heading\" data-id=\"533aef8\" data-element_type=\"widget\" data-widget_type=\"heading.default\">\n\t\t\t\t<div class=\"elementor-widget-container\">\n\t\t\t\t\t<h2 class=\"elementor-heading-title elementor-size-default\">SKANS MORGON L\u00d6PTUR<\/h2>\t\t\t\t<\/div>\n\t\t\t\t<\/div>\n\t\t\t\t<div class=\"elementor-element elementor-element-bcaf441 elementor-widget elementor-widget-text-editor\" data-id=\"bcaf441\" data-element_type=\"widget\" data-widget_type=\"text-editor.default\">\n\t\t\t\t<div class=\"elementor-widget-container\">\n\t\t\t\t\t\t\t\t\t<div title=\"Page 2\"><p>Bo\u0308rja din morgon med en energikick. Fo\u0308lj med pa\u030a Skans morgonlo\u0308pning med grundaren och maratonlo\u0308paren Johanna Skans. Fo\u0308r varje lo\u0308pare kommer vi att plantera ett tra\u0308d fo\u0308r att skydda va\u030ara bla\u030aba\u0308rsskogar.\u00a0ca 7km i 5.30-6 min\/km tempo<\/p><\/div>\t\t\t\t\t\t\t\t<\/div>\n\t\t\t\t<\/div>\n\t\t\t\t<div class=\"elementor-element elementor-element-377f478 elementor-widget elementor-widget-text-editor\" data-id=\"377f478\" data-element_type=\"widget\" data-widget_type=\"text-editor.default\">\n\t\t\t\t<div class=\"elementor-widget-container\">\n\t\t\t\t\t\t\t\t\t<p style=\"text-align: center;\"><strong>Tid:<\/strong> 06.30 &#8211; 07.30 \u00a0<strong>Plats:<\/strong> Kungsparken 1, utanfo\u0308r Stora Teaterns huvudentre\u0301.<\/p>\t\t\t\t\t\t\t\t<\/div>\n\t\t\t\t<\/div>\n\t\t\t\t<div class=\"elementor-element elementor-element-8a8c591 elementor-widget elementor-widget-heading\" data-id=\"8a8c591\" data-element_type=\"widget\" data-widget_type=\"heading.default\">\n\t\t\t\t<div class=\"elementor-widget-container\">\n\t\t\t\t\t<h2 class=\"elementor-heading-title elementor-size-default\">SKANS AW, f\u00f6redrag <\/h2>\t\t\t\t<\/div>\n\t\t\t\t<\/div>\n\t\t\t\t<div class=\"elementor-element elementor-element-0c87a93 elementor-widget elementor-widget-text-editor\" data-id=\"0c87a93\" data-element_type=\"widget\" data-widget_type=\"text-editor.default\">\n\t\t\t\t<div class=\"elementor-widget-container\">\n\t\t\t\t\t\t\t\t\t<div title=\"Page 2\"><p><strong>14-14.45<\/strong> F\u00d6REDRAG &#8217;FRAMTIDSS\u00c4KRA DITT F\u00d6RETAG<br \/>Inspirationsf\u00f6rel\u00e4sning av Johanna Skans, f\u00f6respr\u00e5kare f\u00f6r klimatsmart f\u00f6retagande\u00a0<\/p><p><strong>15-17\u00a0<\/strong>DJ &amp; MINGEL<\/p><p>\u00a0<\/p><\/div>\t\t\t\t\t\t\t\t<\/div>\n\t\t\t\t<\/div>\n\t\t\t\t<div class=\"elementor-element elementor-element-6e415d3 elementor-widget elementor-widget-text-editor\" data-id=\"6e415d3\" data-element_type=\"widget\" data-widget_type=\"text-editor.default\">\n\t\t\t\t<div class=\"elementor-widget-container\">\n\t\t\t\t\t\t\t\t\t<p style=\"text-align: center;\"><strong>Tid:<\/strong> 14.00 &#8211; 17.00 \u00a0<strong>Plats:\u00a0<\/strong>BURGA\u030aRDSGATAN 18<span style=\"color: var( --e-global-color-text ); font-family: var( --e-global-typography-text-font-family ), Sans-serif; font-size: 1rem;\">.<\/span><\/p>\t\t\t\t\t\t\t\t<\/div>\n\t\t\t\t<\/div>\n\t\t\t\t<div class=\"elementor-element elementor-element-68c105b elementor-widget elementor-widget-heading\" data-id=\"68c105b\" data-element_type=\"widget\" data-widget_type=\"heading.default\">\n\t\t\t\t<div class=\"elementor-widget-container\">\n\t\t\t\t\t<h2 class=\"elementor-heading-title elementor-size-default\">EoE - H\u00e5llbarhetsf\u00f6rel\u00e4sning<\/h2>\t\t\t\t<\/div>\n\t\t\t\t<\/div>\n\t\t\t\t<div class=\"elementor-element elementor-element-50e12fb elementor-widget elementor-widget-text-editor\" data-id=\"50e12fb\" data-element_type=\"widget\" data-widget_type=\"text-editor.default\">\n\t\t\t\t<div class=\"elementor-widget-container\">\n\t\t\t\t\t\t\t\t\t<div title=\"Page 2\"><div class=\"page\" title=\"Page 1\"><div class=\"layoutArea\"><div class=\"column\"><p><strong>18 &#8211; 18.30<\/strong> med efterfo\u0308ljande mingel, dryck och snacks<\/p><\/div><\/div><\/div><\/div>\t\t\t\t\t\t\t\t<\/div>\n\t\t\t\t<\/div>\n\t\t\t\t<div class=\"elementor-element elementor-element-0b01353 elementor-widget elementor-widget-text-editor\" data-id=\"0b01353\" data-element_type=\"widget\" data-widget_type=\"text-editor.default\">\n\t\t\t\t<div class=\"elementor-widget-container\">\n\t\t\t\t\t\t\t\t\t<p style=\"text-align: center;\"><strong>Tid:\u00a0<\/strong>18.00-18.30\u00a0<strong>Plats:\u00a0<\/strong>Konferens avdelningen &#8211; Hotell Bellora<\/p><p style=\"text-align: center;\"><span style=\"color: var( --e-global-color-text ); font-family: var( --e-global-typography-text-font-family ), Sans-serif; font-size: 1rem;\">.<\/span><\/p>\t\t\t\t\t\t\t\t<\/div>\n\t\t\t\t<\/div>\n\t\t\t\t<div class=\"elementor-element elementor-element-af74a87 elementor-widget elementor-widget-heading\" data-id=\"af74a87\" data-element_type=\"widget\" data-widget_type=\"heading.default\">\n\t\t\t\t<div class=\"elementor-widget-container\">\n\t\t\t\t\t<h2 class=\"elementor-heading-title elementor-size-default\">S\u00f6ndag<\/h2>\t\t\t\t<\/div>\n\t\t\t\t<\/div>\n\t\t\t\t<div class=\"elementor-element elementor-element-408265c elementor-widget elementor-widget-heading\" data-id=\"408265c\" data-element_type=\"widget\" data-widget_type=\"heading.default\">\n\t\t\t\t<div class=\"elementor-widget-container\">\n\t\t\t\t\t<h2 class=\"elementor-heading-title elementor-size-default\">SKANS MORGON L\u00d6PTUR<\/h2>\t\t\t\t<\/div>\n\t\t\t\t<\/div>\n\t\t\t\t<div class=\"elementor-element elementor-element-489ebc2 elementor-widget elementor-widget-text-editor\" data-id=\"489ebc2\" data-element_type=\"widget\" data-widget_type=\"text-editor.default\">\n\t\t\t\t<div class=\"elementor-widget-container\">\n\t\t\t\t\t\t\t\t\t<div title=\"Page 2\"><p>Bo\u0308rja din morgon med en energikick. Fo\u0308lj med pa\u030a Skans morgonlo\u0308pning med grundaren och maratonlo\u0308paren Johanna Skans. Fo\u0308r varje lo\u0308pare kommer vi att plantera ett tra\u0308d fo\u0308r att skydda va\u030ara bla\u030aba\u0308rsskogar.\u00a0ca 7km i 5.30-6 min\/km tempo<\/p><\/div>\t\t\t\t\t\t\t\t<\/div>\n\t\t\t\t<\/div>\n\t\t\t\t<div class=\"elementor-element elementor-element-2089016 elementor-widget elementor-widget-text-editor\" data-id=\"2089016\" data-element_type=\"widget\" data-widget_type=\"text-editor.default\">\n\t\t\t\t<div class=\"elementor-widget-container\">\n\t\t\t\t\t\t\t\t\t<p style=\"text-align: center;\"><strong>Tid:<\/strong> 06.30 &#8211; 07.30 \u00a0<strong>Plats:<\/strong> Kungsparken 1, utanfo\u0308r Stora Teaterns huvudentre\u0301.<\/p>\t\t\t\t\t\t\t\t<\/div>\n\t\t\t\t<\/div>\n\t\t\t\t<div class=\"elementor-element elementor-element-8a5ce9c elementor-widget elementor-widget-spacer\" data-id=\"8a5ce9c\" data-element_type=\"widget\" data-widget_type=\"spacer.default\">\n\t\t\t\t<div class=\"elementor-widget-container\">\n\t\t\t\t\t\t\t<div class=\"elementor-spacer\">\n\t\t\t<div class=\"elementor-spacer-inner\"><\/div>\n\t\t<\/div>\n\t\t\t\t\t\t<\/div>\n\t\t\t\t<\/div>\n\t\t\t\t\t<\/div>\n\t\t<\/div>\n\t\t\t\t\t<\/div>\n\t\t<\/section>\n\t\t\t\t<div class=\"elementor-element elementor-element-7d5e565 elementor-widget elementor-widget-spacer\" data-id=\"7d5e565\" data-element_type=\"widget\" data-widget_type=\"spacer.default\">\n\t\t\t\t<div class=\"elementor-widget-container\">\n\t\t\t\t\t\t\t<div class=\"elementor-spacer\">\n\t\t\t<div class=\"elementor-spacer-inner\"><\/div>\n\t\t<\/div>\n\t\t\t\t\t\t<\/div>\n\t\t\t\t<\/div>\n\t\t\t\t<div class=\"elementor-element elementor-element-efacf8a elementor-align-center elementor-widget elementor-widget-button\" data-id=\"efacf8a\" data-element_type=\"widget\" data-widget_type=\"button.default\">\n\t\t\t\t<div class=\"elementor-widget-container\">\n\t\t\t\t\t\t\t\t\t<div class=\"elementor-button-wrapper\">\n\t\t\t\t\t<a class=\"elementor-button elementor-button-link elementor-size-sm\" href=\"https:\/\/gothenburg.youandeyeweekend.com\/en\/app\/\">\n\t\t\t\t\t\t<span class=\"elementor-button-content-wrapper\">\n\t\t\t\t\t\t\t\t\t<span class=\"elementor-button-text\">Go Back<\/span>\n\t\t\t\t\t<\/span>\n\t\t\t\t\t<\/a>\n\t\t\t\t<\/div>\n\t\t\t\t\t\t\t\t<\/div>\n\t\t\t\t<\/div>\n\t\t\t\t<div class=\"elementor-element elementor-element-30b023b elementor-widget elementor-widget-spacer\" data-id=\"30b023b\" data-element_type=\"widget\" data-widget_type=\"spacer.default\">\n\t\t\t\t<div class=\"elementor-widget-container\">\n\t\t\t\t\t\t\t<div class=\"elementor-spacer\">\n\t\t\t<div class=\"elementor-spacer-inner\"><\/div>\n\t\t<\/div>\n\t\t\t\t\t\t<\/div>\n\t\t\t\t<\/div>\n\t\t\t\t\t<\/div>\n\t\t<\/div>\n\t\t\t\t\t<\/div>\n\t\t<\/section>\n\t\t\t\t<\/div>","protected":false},"excerpt":{"rendered":"<p>Events Torsdag You &amp; Eye AW start up at Flora You &amp; Eye early bird After Work Eyewear Network bjuder utst\u00e4llare och bes\u00f6kare till After Work med mingel&nbsp; Tid: 17.00 \u00a0Plats:\u00a0Flora workspace &#8211; Gr\u00f6sakstorget. Fredag SKANS MORGON L\u00d6PTUR Bo\u0308rja din morgon med en energikick. Fo\u0308lj med pa\u030a Skans morgonlo\u0308pning med grundaren och maratonlo\u0308paren Johanna Skans. [&hellip;]<\/p>","protected":false},"author":78,"featured_media":0,"parent":0,"menu_order":0,"comment_status":"closed","ping_status":"closed","template":"elementor_canvas","meta":{"_acf_changed":false,"footnotes":""},"acf":[],"_links":{"self":[{"href":"https:\/\/gothenburg.youandeyeweekend.com\/en\/wp-json\/wp\/v2\/pages\/2502"}],"collection":[{"href":"https:\/\/gothenburg.youandeyeweekend.com\/en\/wp-json\/wp\/v2\/pages"}],"about":[{"href":"https:\/\/gothenburg.youandeyeweekend.com\/en\/wp-json\/wp\/v2\/types\/page"}],"author":[{"embeddable":true,"href":"https:\/\/gothenburg.youandeyeweekend.com\/en\/wp-json\/wp\/v2\/users\/78"}],"replies":[{"embeddable":true,"href":"https:\/\/gothenburg.youandeyeweekend.com\/en\/wp-json\/wp\/v2\/comments?post=2502"}],"version-history":[{"count":10,"href":"https:\/\/gothenburg.youandeyeweekend.com\/en\/wp-json\/wp\/v2\/pages\/2502\/revisions"}],"predecessor-version":[{"id":2585,"href":"https:\/\/gothenburg.youandeyeweekend.com\/en\/wp-json\/wp\/v2\/pages\/2502\/revisions\/2585"}],"wp:attachment":[{"href":"https:\/\/gothenburg.youandeyeweekend.com\/en\/wp-json\/wp\/v2\/media?parent=2502"}],"curies":[{"name":"wp","href":"https:\/\/api.w.org\/{rel}","templated":true}]}}